{"id":139,"date":"2025-01-17T13:50:11","date_gmt":"2025-01-17T12:50:11","guid":{"rendered":"http:\/\/confluence-immo.be\/?page_id=139"},"modified":"2025-12-29T17:42:55","modified_gmt":"2025-12-29T16:42:55","slug":"contact","status":"publish","type":"page","link":"https:\/\/confluence-immo.be\/index.php\/contact\/","title":{"rendered":"Contact"},"content":{"rendered":"\t\t<div data-elementor-type=\"wp-page\" data-elementor-id=\"139\" class=\"elementor elementor-139\">\n\t\t\t\t<div class=\"elementor-element elementor-element-f424946 e-con-full e-flex e-con e-parent\" data-id=\"f424946\" data-element_type=\"container\">\n\t\t\t\t<div class=\"elementor-element elementor-element-37d8046 elementor-widget elementor-widget-es-request-form-widget\" data-id=\"37d8046\" data-element_type=\"widget\" data-widget_type=\"es-request-form-widget.default\">\n\t\t\t\t<div class=\"elementor-widget-container\">\n\t\t\t\t\t<div class=\"es-request-form es-request-form--sidebar\" style=\"background: #81632F\">\n            <h3 class=\"es-widget__title\">Contactez - nous !<\/h3>\n    <div class=\"es-component\">\n    <form method=\"post\" class=\"js-es-request-form es-request-form\">\n\t\t        <div class=\"es-request-form__fields\">\n\t\t\t\n                               <div class='es-field es-field__name es-field--text '>\n                                   <label for='name-69e20b3d13969'><span class='es-field__label'>Nom*<\/span><input id=\"name-69e20b3d13969\" name=\"name\" class=\"es-field__input\" required=\"required\" maxlength=\"50\" type=\"text\" value=\"\" \/><\/label>\n                               <\/div>\n                           \n                               <div class='es-field es-field__email es-field--email '>\n                                   <label for='email-69e20b3d13969'><span class='es-field__label'>Email*<\/span><input id=\"email-69e20b3d13969\" name=\"email\" class=\"es-field__input\" required=\"required\" maxlength=\"256\" type=\"email\" value=\"\" \/><\/label>\n                               <\/div>\n                           \n                               <div class='es-field es-field__phone es-field--phone '>\n                                   <div><span class='es-field__label'>T\u00e9l\u00e9phoner<\/span>\n                               <div class='js-es-field es-field es-field__code es-field--select '>\n                                   <label for='es-field-code-69e20b3d13cbd'>\n\t\t\t<select id=\"es-field-code-69e20b3d13cbd\" name=\"phone[code]\" class=\"js-es-phone-field es-field__input\" data-codes=\"{&quot;US&quot;:&quot;+1&quot;,&quot;CA&quot;:&quot;+1&quot;,&quot;GB&quot;:&quot;+44&quot;,&quot;PL&quot;:&quot;+48&quot;,&quot;DE&quot;:&quot;+49&quot;,&quot;ES&quot;:&quot;+34&quot;,&quot;FR&quot;:&quot;+33&quot;,&quot;AU&quot;:&quot;+61&quot;,&quot;AT&quot;:&quot;+43&quot;,&quot;BE&quot;:&quot;+32&quot;,&quot;CL&quot;:&quot;+56&quot;,&quot;CY&quot;:&quot;+357&quot;,&quot;CZ&quot;:&quot;+420&quot;,&quot;DK&quot;:&quot;+45&quot;,&quot;EG&quot;:&quot;+20&quot;,&quot;GE&quot;:&quot;+995&quot;,&quot;GR&quot;:&quot;+30&quot;,&quot;IL&quot;:&quot;+972&quot;,&quot;LV&quot;:&quot;+371&quot;,&quot;LT&quot;:&quot;+370&quot;,&quot;MC&quot;:&quot;+377&quot;,&quot;NL&quot;:&quot;+31&quot;,&quot;PH&quot;:&quot;+63&quot;,&quot;PT&quot;:&quot;+351&quot;,&quot;SE&quot;:&quot;+46&quot;,&quot;IT&quot;:&quot;+39&quot;,&quot;ZA&quot;:&quot;+27&quot;,&quot;&quot;:&quot;&quot;}\" data-icons=\"{&quot;US&quot;:&quot;https:\\\/\\\/confluence-immo.be\\\/wp-content\\\/plugins\\\/estatik\\\/\\\/public\\\/img\\\/flags\\\/united-states-of-america-flag.svg&quot;,&quot;CA&quot;:&quot;https:\\\/\\\/confluence-immo.be\\\/wp-content\\\/plugins\\\/estatik\\\/\\\/public\\\/img\\\/flags\\\/canada-flag.svg&quot;,&quot;GB&quot;:&quot;https:\\\/\\\/confluence-immo.be\\\/wp-content\\\/plugins\\\/estatik\\\/\\\/public\\\/img\\\/flags\\\/united-kingdom-flag.svg&quot;,&quot;PL&quot;:&quot;https:\\\/\\\/confluence-immo.be\\\/wp-content\\\/plugins\\\/estatik\\\/\\\/public\\\/img\\\/flags\\\/poland-flag.svg&quot;,&quot;DE&quot;:&quot;https:\\\/\\\/confluence-immo.be\\\/wp-content\\\/plugins\\\/estatik\\\/\\\/public\\\/img\\\/flags\\\/germany-flag.svg&quot;,&quot;ES&quot;:&quot;https:\\\/\\\/confluence-immo.be\\\/wp-content\\\/plugins\\\/estatik\\\/\\\/public\\\/img\\\/flags\\\/spain-flag.svg&quot;,&quot;FR&quot;:&quot;https:\\\/\\\/confluence-immo.be\\\/wp-content\\\/plugins\\\/estatik\\\/\\\/public\\\/img\\\/flags\\\/france-flag.svg&quot;,&quot;AU&quot;:&quot;https:\\\/\\\/confluence-immo.be\\\/wp-content\\\/plugins\\\/estatik\\\/\\\/public\\\/img\\\/flags\\\/australia-flag.svg&quot;,&quot;AT&quot;:&quot;https:\\\/\\\/confluence-immo.be\\\/wp-content\\\/plugins\\\/estatik\\\/\\\/public\\\/img\\\/flags\\\/austria-flag.svg&quot;,&quot;BE&quot;:&quot;https:\\\/\\\/confluence-immo.be\\\/wp-content\\\/plugins\\\/estatik\\\/\\\/public\\\/img\\\/flags\\\/belgium-flag.svg&quot;,&quot;CL&quot;:&quot;https:\\\/\\\/confluence-immo.be\\\/wp-content\\\/plugins\\\/estatik\\\/\\\/public\\\/img\\\/flags\\\/chile-flag.svg&quot;,&quot;CY&quot;:&quot;https:\\\/\\\/confluence-immo.be\\\/wp-content\\\/plugins\\\/estatik\\\/\\\/public\\\/img\\\/flags\\\/cyprus-flag.svg&quot;,&quot;CZ&quot;:&quot;https:\\\/\\\/confluence-immo.be\\\/wp-content\\\/plugins\\\/estatik\\\/\\\/public\\\/img\\\/flags\\\/czech-republic-flag.svg&quot;,&quot;DK&quot;:&quot;https:\\\/\\\/confluence-immo.be\\\/wp-content\\\/plugins\\\/estatik\\\/\\\/public\\\/img\\\/flags\\\/denmark-flag.svg&quot;,&quot;EG&quot;:&quot;https:\\\/\\\/confluence-immo.be\\\/wp-content\\\/plugins\\\/estatik\\\/\\\/public\\\/img\\\/flags\\\/egypt-flag.svg&quot;,&quot;FI&quot;:&quot;https:\\\/\\\/confluence-immo.be\\\/wp-content\\\/plugins\\\/estatik\\\/\\\/public\\\/img\\\/flags\\\/finland-flag.svg&quot;,&quot;GE&quot;:&quot;https:\\\/\\\/confluence-immo.be\\\/wp-content\\\/plugins\\\/estatik\\\/\\\/public\\\/img\\\/flags\\\/georgia-flag.svg&quot;,&quot;GR&quot;:&quot;https:\\\/\\\/confluence-immo.be\\\/wp-content\\\/plugins\\\/estatik\\\/\\\/public\\\/img\\\/flags\\\/greece-flag.svg&quot;,&quot;IL&quot;:&quot;https:\\\/\\\/confluence-immo.be\\\/wp-content\\\/plugins\\\/estatik\\\/\\\/public\\\/img\\\/flags\\\/israel-flag.svg&quot;,&quot;LV&quot;:&quot;https:\\\/\\\/confluence-immo.be\\\/wp-content\\\/plugins\\\/estatik\\\/\\\/public\\\/img\\\/flags\\\/latvia-flag.svg&quot;,&quot;LT&quot;:&quot;https:\\\/\\\/confluence-immo.be\\\/wp-content\\\/plugins\\\/estatik\\\/\\\/public\\\/img\\\/flags\\\/lithuania-flag.svg&quot;,&quot;MC&quot;:&quot;https:\\\/\\\/confluence-immo.be\\\/wp-content\\\/plugins\\\/estatik\\\/\\\/public\\\/img\\\/flags\\\/monaco-flag.svg&quot;,&quot;NL&quot;:&quot;https:\\\/\\\/confluence-immo.be\\\/wp-content\\\/plugins\\\/estatik\\\/\\\/public\\\/img\\\/flags\\\/netherlands-flag.svg&quot;,&quot;PH&quot;:&quot;https:\\\/\\\/confluence-immo.be\\\/wp-content\\\/plugins\\\/estatik\\\/\\\/public\\\/img\\\/flags\\\/philippines-flag.svg&quot;,&quot;PT&quot;:&quot;https:\\\/\\\/confluence-immo.be\\\/wp-content\\\/plugins\\\/estatik\\\/\\\/public\\\/img\\\/flags\\\/portugal-flag.svg&quot;,&quot;SE&quot;:&quot;https:\\\/\\\/confluence-immo.be\\\/wp-content\\\/plugins\\\/estatik\\\/\\\/public\\\/img\\\/flags\\\/sweden-flag.svg&quot;,&quot;IT&quot;:&quot;https:\\\/\\\/confluence-immo.be\\\/wp-content\\\/plugins\\\/estatik\\\/\\\/public\\\/img\\\/flags\\\/italy-flag.svg&quot;,&quot;ZA&quot;:&quot;https:\\\/\\\/confluence-immo.be\\\/wp-content\\\/plugins\\\/estatik\\\/\\\/public\\\/img\\\/flags\\\/south-africa-flag.svg&quot;}\" ><option value=\"US\" >Etats-Unis<\/option><option value=\"CA\" >Canada\n<\/option><option value=\"FR\" >La France\n<\/option><option value=\"DE\" >Allemagne\n<\/option><option value=\"GB\" >Grande Bretagne<\/option><option value=\"ES\" >Espagne\n<\/option><option value=\"AU\" >Australia<\/option><option value=\"AT\" >Austria<\/option><option value=\"BE\" >Belgium<\/option><option value=\"CL\" >Chile<\/option><option value=\"CY\" >Cyprus<\/option><option value=\"CZ\" >Czech Republic<\/option><option value=\"DK\" >Denmark<\/option><option value=\"EG\" >Egypt<\/option><option value=\"FI\" >Finland<\/option><option value=\"GE\" >Georgia<\/option><option value=\"GR\" >Greece<\/option><option value=\"IL\" >Israel<\/option><option value=\"LV\" >Latvia<\/option><option value=\"LT\" >Lithuania<\/option><option value=\"MC\" >Monaco<\/option><option value=\"NL\" >Netherlands<\/option><option value=\"PH\" >Philippines<\/option><option value=\"PL\" >Poland<\/option><option value=\"PT\" >Portugal<\/option><option value=\"SE\" >Sweden<\/option><option value=\"IT\" >Italy<\/option><option value=\"ZA\" >South Africa<\/option><option value=\"\"  selected='selected'>Autre<\/option><\/select>\n\t\t<\/label>\n                               <\/div>\n                           \n                               <div class='es-field es-field__tel es-field--text '>\n                                   <label for='es-field-tel'><input id=\"es-field-tel\" name=\"phone[tel]\" class=\"js-es-phone es-field__input\" maxlength=\"40\" minlength=\"4\" type=\"text\" value=\"\" \/><\/label>\n                               <\/div>\n                           <\/div>\n                               <\/div>\n                           \n                               <div class='js-es-field es-field es-field__message es-field--textarea '>\n                                   <label for='message-69e20b3d13969'><span class='es-field__label'>Un message*\n<\/span><textarea id=\"message-69e20b3d13969\" name=\"message\" class=\"es-field__input\" required=\"required\" maxlength=\"500\" >\n<\/textarea><\/label>\n                               <\/div>\n                           <input type=\"hidden\" id=\"es_request_form_nonce_69e20b3d13966\" name=\"es_request_form_nonce_69e20b3d13966\" value=\"62a162eace\" \/><input type=\"hidden\" name=\"_wp_http_referer\" value=\"\/index.php\/wp-json\/wp\/v2\/pages\/139\" \/>\n\t\t\t            <input type=\"hidden\" name=\"uniqid\" value=\"69e20b3d13966\">\n\n            <input type=\"hidden\" name=\"action\" value=\"es_submit_request_form\"\/>\n\n\t\t\t                <input type=\"hidden\" name=\"post_id\" value=\"139\"\/>\n\t\t\t\n\t\t\t                <input type=\"hidden\" name=\"subject\" value=\"Demande d&#039;information concernant un bien.\"\/>\n\t\t\t\n            <input type=\"hidden\" name=\"recipient_type\" value=\"1\">\n\n\t\t\t\n\t\t\t\n\t\t\t<div class='es-privacy-policy-container'><div class='es-field es-field__terms_conditions es-field--checkbox '>\n\t\t\t<input type='hidden' name='terms_conditions' value='0'\/>\n\t\t\t<input id=\"terms-conditions-69e20b3d16064\" name=\"terms_conditions\" class=\"es-field__input\" value=\"1\" required=\"required\" type=\"checkbox\" \/>\n\t\t<!----><label for='terms-conditions-69e20b3d16064'><span class='es-field__label'>I agree to the <a href='https:\/\/confluence-immo.be\/index.php\/termes-et-conditions\/' class='es-terms-link'>Conditions d'utilisation<\/a> and <a href='https:\/\/confluence-immo.be\/index.php\/politique-de-confidentialite-2\/' class='es-terms-link'>Politique de confidentialit\u00e9<\/a><\/span><\/label><\/div><\/div>\t\t\t\n            <div class=\"es-btn-wrapper es-btn-wrapper--center es-btn-wrapper-submit--margin\">\n                <button type=\"submit\" class=\"es-btn es-btn--primary js-es-request-form-submit\">Demande d'info<\/button>\n            <\/div>\n\n\t\t\t        <\/div>\n    <\/form>\n<\/div>\n    <div class=\"js-es-request-form__response\"><\/div>\n<\/div>\n\t\t\t\t<\/div>\n\t\t\t\t<\/div>\n\t\t\t\t<div class=\"elementor-element elementor-element-754ca26 elementor-widget elementor-widget-html\" data-id=\"754ca26\" data-element_type=\"widget\" data-widget_type=\"html.default\">\n\t\t\t\t<div class=\"elementor-widget-container\">\n\t\t\t\t\t<script>\r\n  document.addEventListener(\"DOMContentLoaded\", function () {\r\n    const nameInput = document.querySelector('input[name=\"name\"]');\r\n    const emailInput = document.querySelector('input[name=\"email\"]');\r\n\r\n    if (nameInput) nameInput.value = \"\";\r\n    if (emailInput) emailInput.value = \"\";\r\n  });\r\n<\/script>\t\t\t\t<\/div>\n\t\t\t\t<\/div>\n\t\t\t\t<\/div>\n\t\t<div class=\"elementor-element elementor-element-680073c e-flex e-con-boxed e-con e-parent\" data-id=\"680073c\" data-element_type=\"container\">\n\t\t\t\t\t<div class=\"e-con-inner\">\n\t\t\t\t\t<\/div>\n\t\t\t\t<\/div>\n\t\t<div class=\"elementor-element elementor-element-9c093d2 e-grid e-con-full e-con e-parent\" data-id=\"9c093d2\" data-element_type=\"container\">\n\t\t\t\t<div class=\"elementor-element elementor-element-607e416 elementor-widget__width-initial elementor-view-default elementor-position-block-start elementor-mobile-position-block-start elementor-widget elementor-widget-icon-box\" data-id=\"607e416\" data-element_type=\"widget\" data-widget_type=\"icon-box.default\">\n\t\t\t\t<div class=\"elementor-widget-container\">\n\t\t\t\t\t\t\t<div class=\"elementor-icon-box-wrapper\">\n\n\t\t\t\t\t\t<div class=\"elementor-icon-box-icon\">\n\t\t\t\t<span  class=\"elementor-icon\">\n\t\t\t\t<svg aria-hidden=\"true\" class=\"e-font-icon-svg e-far-envelope\" viewBox=\"0 0 512 512\" xmlns=\"http:\/\/www.w3.org\/2000\/svg\"><path d=\"M464 64H48C21.49 64 0 85.49 0 112v288c0 26.51 21.49 48 48 48h416c26.51 0 48-21.49 48-48V112c0-26.51-21.49-48-48-48zm0 48v40.805c-22.422 18.259-58.168 46.651-134.587 106.49-16.841 13.247-50.201 45.072-73.413 44.701-23.208.375-56.579-31.459-73.413-44.701C106.18 199.465 70.425 171.067 48 152.805V112h416zM48 400V214.398c22.914 18.251 55.409 43.862 104.938 82.646 21.857 17.205 60.134 55.186 103.062 54.955 42.717.231 80.509-37.199 103.053-54.947 49.528-38.783 82.032-64.401 104.947-82.653V400H48z\"><\/path><\/svg>\t\t\t\t<\/span>\n\t\t\t<\/div>\n\t\t\t\n\t\t\t\t\t\t<div class=\"elementor-icon-box-content\">\n\n\t\t\t\t\t\t\t\t\t<h3 class=\"elementor-icon-box-title\">\n\t\t\t\t\t\t<span  >\n\t\t\t\t\t\t\tMail\t\t\t\t\t\t<\/span>\n\t\t\t\t\t<\/h3>\n\t\t\t\t\n\t\t\t\t\t\t\t\t\t<p class=\"elementor-icon-box-description\">\n\t\t\t\t\t\tinfo@confluence-immo.be\t\t\t\t\t<\/p>\n\t\t\t\t\n\t\t\t<\/div>\n\t\t\t\n\t\t<\/div>\n\t\t\t\t\t\t<\/div>\n\t\t\t\t<\/div>\n\t\t\t\t<div class=\"elementor-element elementor-element-7c2abfd elementor-widget__width-initial elementor-view-default elementor-position-block-start elementor-mobile-position-block-start elementor-widget elementor-widget-icon-box\" data-id=\"7c2abfd\" data-element_type=\"widget\" data-widget_type=\"icon-box.default\">\n\t\t\t\t<div class=\"elementor-widget-container\">\n\t\t\t\t\t\t\t<div class=\"elementor-icon-box-wrapper\">\n\n\t\t\t\t\t\t<div class=\"elementor-icon-box-icon\">\n\t\t\t\t<span  class=\"elementor-icon\">\n\t\t\t\t<svg aria-hidden=\"true\" class=\"e-font-icon-svg e-fas-phone-alt\" viewBox=\"0 0 512 512\" xmlns=\"http:\/\/www.w3.org\/2000\/svg\"><path d=\"M497.39 361.8l-112-48a24 24 0 0 0-28 6.9l-49.6 60.6A370.66 370.66 0 0 1 130.6 204.11l60.6-49.6a23.94 23.94 0 0 0 6.9-28l-48-112A24.16 24.16 0 0 0 122.6.61l-104 24A24 24 0 0 0 0 48c0 256.5 207.9 464 464 464a24 24 0 0 0 23.4-18.6l24-104a24.29 24.29 0 0 0-14.01-27.6z\"><\/path><\/svg>\t\t\t\t<\/span>\n\t\t\t<\/div>\n\t\t\t\n\t\t\t\t\t\t<div class=\"elementor-icon-box-content\">\n\n\t\t\t\t\t\t\t\t\t<h3 class=\"elementor-icon-box-title\">\n\t\t\t\t\t\t<span  >\n\t\t\t\t\t\t\tt\u00e9l\u00e9phone\t\t\t\t\t\t<\/span>\n\t\t\t\t\t<\/h3>\n\t\t\t\t\n\t\t\t\t\t\t\t\t\t<p class=\"elementor-icon-box-description\">\n\t\t\t\t\t\t0460 96 82 92\t\t\t\t\t<\/p>\n\t\t\t\t\n\t\t\t<\/div>\n\t\t\t\n\t\t<\/div>\n\t\t\t\t\t\t<\/div>\n\t\t\t\t<\/div>\n\t\t\t\t<div class=\"elementor-element elementor-element-a42ab98 elementor-widget__width-initial elementor-view-default elementor-position-block-start elementor-mobile-position-block-start elementor-widget elementor-widget-icon-box\" data-id=\"a42ab98\" data-element_type=\"widget\" data-widget_type=\"icon-box.default\">\n\t\t\t\t<div class=\"elementor-widget-container\">\n\t\t\t\t\t\t\t<div class=\"elementor-icon-box-wrapper\">\n\n\t\t\t\t\t\t<div class=\"elementor-icon-box-icon\">\n\t\t\t\t<span  class=\"elementor-icon\">\n\t\t\t\t<svg aria-hidden=\"true\" class=\"e-font-icon-svg e-fas-map-pin\" viewBox=\"0 0 288 512\" xmlns=\"http:\/\/www.w3.org\/2000\/svg\"><path d=\"M112 316.94v156.69l22.02 33.02c4.75 7.12 15.22 7.12 19.97 0L176 473.63V316.94c-10.39 1.92-21.06 3.06-32 3.06s-21.61-1.14-32-3.06zM144 0C64.47 0 0 64.47 0 144s64.47 144 144 144 144-64.47 144-144S223.53 0 144 0zm0 76c-37.5 0-68 30.5-68 68 0 6.62-5.38 12-12 12s-12-5.38-12-12c0-50.73 41.28-92 92-92 6.62 0 12 5.38 12 12s-5.38 12-12 12z\"><\/path><\/svg>\t\t\t\t<\/span>\n\t\t\t<\/div>\n\t\t\t\n\t\t\t\t\t\t<div class=\"elementor-icon-box-content\">\n\n\t\t\t\t\t\t\t\t\t<h3 class=\"elementor-icon-box-title\">\n\t\t\t\t\t\t<span  >\n\t\t\t\t\t\t\tAdresse\t\t\t\t\t\t<\/span>\n\t\t\t\t\t<\/h3>\n\t\t\t\t\n\t\t\t\t\t\t\t\t\t<p class=\"elementor-icon-box-description\">\n\t\t\t\t\t\tAvenue Prince de Li\u00e8ge 72\n5100 Namur\t\t\t\t\t<\/p>\n\t\t\t\t\n\t\t\t<\/div>\n\t\t\t\n\t\t<\/div>\n\t\t\t\t\t\t<\/div>\n\t\t\t\t<\/div>\n\t\t\t\t<\/div>\n\t\t\t\t<\/div>\n\t\t","protected":false},"excerpt":{"rendered":"<p>Contactez &#8211; nous ! Nom* Email* T\u00e9l\u00e9phoner Etats-UnisCanada La France Allemagne Grande BretagneEspagne AustraliaAustriaBelgiumChileCyprusCzech RepublicDenmarkEgyptFinlandGeorgiaGreeceIsraelLatviaLithuaniaMonacoNetherlandsPhilippinesPolandPortugalSwedenItalySouth AfricaAutre Un message* I agree to the Conditions d&rsquo;utilisation and Politique de confidentialit\u00e9 Demande d&rsquo;info Mail info@confluence-immo.be t\u00e9l\u00e9phone 0460 96 82 92 Adresse Avenue Prince de Li\u00e8ge 72 5100 Namur<\/p>\n","protected":false},"author":1,"featured_media":0,"parent":0,"menu_order":0,"comment_status":"closed","ping_status":"closed","template":"","meta":{"footnotes":""},"class_list":["post-139","page","type-page","status-publish","hentry"],"_links":{"self":[{"href":"https:\/\/confluence-immo.be\/index.php\/wp-json\/wp\/v2\/pages\/139","targetHints":{"allow":["GET"]}}],"collection":[{"href":"https:\/\/confluence-immo.be\/index.php\/wp-json\/wp\/v2\/pages"}],"about":[{"href":"https:\/\/confluence-immo.be\/index.php\/wp-json\/wp\/v2\/types\/page"}],"author":[{"embeddable":true,"href":"https:\/\/confluence-immo.be\/index.php\/wp-json\/wp\/v2\/users\/1"}],"replies":[{"embeddable":true,"href":"https:\/\/confluence-immo.be\/index.php\/wp-json\/wp\/v2\/comments?post=139"}],"version-history":[{"count":52,"href":"https:\/\/confluence-immo.be\/index.php\/wp-json\/wp\/v2\/pages\/139\/revisions"}],"predecessor-version":[{"id":979,"href":"https:\/\/confluence-immo.be\/index.php\/wp-json\/wp\/v2\/pages\/139\/revisions\/979"}],"wp:attachment":[{"href":"https:\/\/confluence-immo.be\/index.php\/wp-json\/wp\/v2\/media?parent=139"}],"curies":[{"name":"wp","href":"https:\/\/api.w.org\/{rel}","templated":true}]}}