{"id":144,"date":"2025-01-17T13:53:23","date_gmt":"2025-01-17T12:53:23","guid":{"rendered":"http:\/\/confluence-immo.be\/?page_id=144"},"modified":"2025-07-09T15:43:30","modified_gmt":"2025-07-09T13:43:30","slug":"evaluation-gratuite","status":"publish","type":"page","link":"https:\/\/confluence-immo.be\/index.php\/evaluation-gratuite\/","title":{"rendered":"Evaluation gratuite"},"content":{"rendered":"\t\t<div data-elementor-type=\"wp-page\" data-elementor-id=\"144\" class=\"elementor elementor-144\">\n\t\t\t\t<div class=\"elementor-element elementor-element-a15ed7a e-con-full animated-slow e-flex e-con e-parent\" data-id=\"a15ed7a\" data-element_type=\"container\" data-settings=\"{&quot;animation&quot;:&quot;none&quot;}\">\n\t\t<div class=\"elementor-element elementor-element-996b382 e-con-full e-flex e-con e-child\" data-id=\"996b382\" data-element_type=\"container\">\n\t\t\t\t<div class=\"elementor-element elementor-element-8afbf74 elementor-widget elementor-widget-image\" data-id=\"8afbf74\" data-element_type=\"widget\" data-widget_type=\"image.default\">\n\t\t\t\t<div class=\"elementor-widget-container\">\n\t\t\t\t\t\t\t\t\t\t\t\t\t\t\t<img fetchpriority=\"high\" decoding=\"async\" width=\"640\" height=\"958\" src=\"https:\/\/confluence-immo.be\/wp-content\/uploads\/2025\/01\/pexels-pavel-danilyuk-8112187-1-684x1024.jpg\" class=\"attachment-large size-large wp-image-353\" alt=\"\" srcset=\"https:\/\/confluence-immo.be\/wp-content\/uploads\/2025\/01\/pexels-pavel-danilyuk-8112187-1-684x1024.jpg 684w, https:\/\/confluence-immo.be\/wp-content\/uploads\/2025\/01\/pexels-pavel-danilyuk-8112187-1-200x300.jpg 200w, https:\/\/confluence-immo.be\/wp-content\/uploads\/2025\/01\/pexels-pavel-danilyuk-8112187-1-768x1151.jpg 768w, https:\/\/confluence-immo.be\/wp-content\/uploads\/2025\/01\/pexels-pavel-danilyuk-8112187-1-1025x1536.jpg 1025w, https:\/\/confluence-immo.be\/wp-content\/uploads\/2025\/01\/pexels-pavel-danilyuk-8112187-1-1367x2048.jpg 1367w, https:\/\/confluence-immo.be\/wp-content\/uploads\/2025\/01\/pexels-pavel-danilyuk-8112187-1-scaled.jpg 1709w\" sizes=\"(max-width: 640px) 100vw, 640px\" \/>\t\t\t\t\t\t\t\t\t\t\t\t\t\t\t<\/div>\n\t\t\t\t<\/div>\n\t\t\t\t<\/div>\n\t\t<div class=\"elementor-element elementor-element-6d954ea e-con-full e-flex e-con e-child\" data-id=\"6d954ea\" data-element_type=\"container\">\n\t\t\t\t<div class=\"elementor-element elementor-element-5dcb1b0 elementor-widget elementor-widget-heading\" data-id=\"5dcb1b0\" data-element_type=\"widget\" data-widget_type=\"heading.default\">\n\t\t\t\t<div class=\"elementor-widget-container\">\n\t\t\t\t\t<h2 class=\"elementor-heading-title elementor-size-default\">Pourquoi r\u00e9aliser une expertise immobili\u00e8re avant de vendre votre bien ?<\/h2>\t\t\t\t<\/div>\n\t\t\t\t<\/div>\n\t\t\t\t<div class=\"elementor-element elementor-element-57b5cd4 elementor-widget__width-initial elementor-widget elementor-widget-text-editor\" data-id=\"57b5cd4\" data-element_type=\"widget\" data-widget_type=\"text-editor.default\">\n\t\t\t\t<div class=\"elementor-widget-container\">\n\t\t\t\t\t\t\t\t\t<p>Vendre un bien immobilier repr\u00e9sente une \u00e9tape importante, et une \u00e9valuation pr\u00e9cise de sa valeur est essentielle pour maximiser votre transaction.<\/p><p>\u00a0<\/p><p>Une expertise immobili\u00e8re avant la mise en vente vous permet d&rsquo;obtenir une estimation fiable et objective, tenant compte des caract\u00e9ristiques sp\u00e9cifiques de votre bien, de son \u00e9tat g\u00e9n\u00e9ral, du march\u00e9 local et des tendances actuelles.<\/p><p>Voici pourquoi cette d\u00e9marche est cruciale :<\/p><p>\u00a0<\/p><p>\u2022 <strong>Valorisation pr\u00e9cise et r\u00e9aliste<\/strong> : L\u2019expertise permet de fixer un prix juste, ni trop \u00e9lev\u00e9 pour \u00e9viter de dissuader les acheteurs, ni trop bas pour ne pas sous-estimer la valeur de votre bien. Vous pourrez ainsi attirer les bons acheteurs tout en optimisant votre rentabilit\u00e9.<\/p><p>\u00a0<\/p><p>\u2022 <strong>Anticipation des \u00e9ventuelles n\u00e9gociations<\/strong> : Gr\u00e2ce \u00e0 une expertise pr\u00e9alable, vous serez pr\u00e9par\u00e9 \u00e0 toute n\u00e9gociation. Vous conna\u00eetrez les forces et les faiblesses de votre bien, ce qui vous permettra de r\u00e9pondre sereinement aux questions des acheteurs et de justifier le prix demand\u00e9.<\/p><p>\u00a0<\/p><p>\u2022 <strong>Meilleure visibilit\u00e9 sur le march\u00e9 :<\/strong> Un bien correctement \u00e9valu\u00e9 a plus de chances de se vendre rapidement et dans de bonnes conditions. Une expertise met en lumi\u00e8re les points forts de votre propri\u00e9t\u00e9, qu&rsquo;il s&rsquo;agisse de sa localisation, de ses am\u00e9nagements ou de son potentiel.<\/p><p>\u00a0<\/p><p><strong>Pourquoi nous faire confiance ? <\/strong><\/p><p>\u00a0<\/p><p>Notre \u00e9quipe d&rsquo;experts immobiliers est compos\u00e9e de professionnels qualifi\u00e9s et exp\u00e9riment\u00e9s, qui connaissent parfaitement le march\u00e9 local et les crit\u00e8res d&rsquo;\u00e9valuation les plus pertinents.<\/p><p>\u00a0<\/p><p>Nous mettons un point d&rsquo;honneur \u00e0 offrir des expertises impartiales et d\u00e9taill\u00e9es, bas\u00e9es sur des donn\u00e9es pr\u00e9cises et actuelles. Gr\u00e2ce \u00e0 notre expertise, vous b\u00e9n\u00e9ficiez de conseils avis\u00e9s pour optimiser la vente de votre bien, dans les meilleures conditions possibles.<\/p>\t\t\t\t\t\t\t\t<\/div>\n\t\t\t\t<\/div>\n\t\t\t\t<\/div>\n\t\t\t\t<\/div>\n\t\t\t\t<\/div>\n\t\t","protected":false},"excerpt":{"rendered":"<p>Pourquoi r\u00e9aliser une expertise immobili\u00e8re avant de vendre votre bien ? Vendre un bien immobilier repr\u00e9sente une \u00e9tape importante, et une \u00e9valuation pr\u00e9cise de sa valeur est essentielle pour maximiser votre transaction. \u00a0 Une expertise immobili\u00e8re avant la mise en vente vous permet d&rsquo;obtenir une estimation fiable et objective, tenant compte des caract\u00e9ristiques sp\u00e9cifiques de [&hellip;]<\/p>\n","protected":false},"author":1,"featured_media":0,"parent":0,"menu_order":0,"comment_status":"closed","ping_status":"closed","template":"","meta":{"footnotes":""},"class_list":["post-144","page","type-page","status-publish","hentry"],"_links":{"self":[{"href":"https:\/\/confluence-immo.be\/index.php\/wp-json\/wp\/v2\/pages\/144","targetHints":{"allow":["GET"]}}],"collection":[{"href":"https:\/\/confluence-immo.be\/index.php\/wp-json\/wp\/v2\/pages"}],"about":[{"href":"https:\/\/confluence-immo.be\/index.php\/wp-json\/wp\/v2\/types\/page"}],"author":[{"embeddable":true,"href":"https:\/\/confluence-immo.be\/index.php\/wp-json\/wp\/v2\/users\/1"}],"replies":[{"embeddable":true,"href":"https:\/\/confluence-immo.be\/index.php\/wp-json\/wp\/v2\/comments?post=144"}],"version-history":[{"count":16,"href":"https:\/\/confluence-immo.be\/index.php\/wp-json\/wp\/v2\/pages\/144\/revisions"}],"predecessor-version":[{"id":511,"href":"https:\/\/confluence-immo.be\/index.php\/wp-json\/wp\/v2\/pages\/144\/revisions\/511"}],"wp:attachment":[{"href":"https:\/\/confluence-immo.be\/index.php\/wp-json\/wp\/v2\/media?parent=144"}],"curies":[{"name":"wp","href":"https:\/\/api.w.org\/{rel}","templated":true}]}}