{"id":420,"date":"2025-07-09T10:49:01","date_gmt":"2025-07-09T08:49:01","guid":{"rendered":"https:\/\/confluence-immo.be\/?page_id=420"},"modified":"2025-08-06T14:20:54","modified_gmt":"2025-08-06T12:20:54","slug":"nos-services","status":"publish","type":"page","link":"https:\/\/confluence-immo.be\/index.php\/nos-services\/","title":{"rendered":"Nos services"},"content":{"rendered":"\t\t<div data-elementor-type=\"wp-page\" data-elementor-id=\"420\" class=\"elementor elementor-420\">\n\t\t\t\t<div class=\"elementor-element elementor-element-a70730f e-con-full e-flex e-con e-parent\" data-id=\"a70730f\" data-element_type=\"container\">\n\t\t\t\t<div class=\"elementor-element elementor-element-ca9075f elementor-widget__width-inherit elementor-widget elementor-widget-image\" data-id=\"ca9075f\" data-element_type=\"widget\" data-widget_type=\"image.default\">\n\t\t\t\t<div class=\"elementor-widget-container\">\n\t\t\t\t\t\t\t\t\t\t\t\t\t\t\t<img fetchpriority=\"high\" decoding=\"async\" width=\"2048\" height=\"1402\" src=\"https:\/\/confluence-immo.be\/wp-content\/uploads\/2025\/07\/Nos-services-final-7-2048x1402.jpg\" class=\"attachment-2048x2048 size-2048x2048 wp-image-534\" alt=\"\" srcset=\"https:\/\/confluence-immo.be\/wp-content\/uploads\/2025\/07\/Nos-services-final-7-2048x1402.jpg 2048w, https:\/\/confluence-immo.be\/wp-content\/uploads\/2025\/07\/Nos-services-final-7-300x205.jpg 300w, https:\/\/confluence-immo.be\/wp-content\/uploads\/2025\/07\/Nos-services-final-7-1024x701.jpg 1024w, https:\/\/confluence-immo.be\/wp-content\/uploads\/2025\/07\/Nos-services-final-7-768x526.jpg 768w, https:\/\/confluence-immo.be\/wp-content\/uploads\/2025\/07\/Nos-services-final-7-1536x1052.jpg 1536w\" sizes=\"(max-width: 2048px) 100vw, 2048px\" \/>\t\t\t\t\t\t\t\t\t\t\t\t\t\t\t<\/div>\n\t\t\t\t<\/div>\n\t\t\t\t<\/div>\n\t\t<div class=\"elementor-element elementor-element-03605ba e-flex e-con-boxed e-con e-parent\" data-id=\"03605ba\" data-element_type=\"container\">\n\t\t\t\t\t<div class=\"e-con-inner\">\n\t\t\t\t<div class=\"elementor-element elementor-element-9b07675 elementor-widget elementor-widget-image\" data-id=\"9b07675\" data-element_type=\"widget\" data-widget_type=\"image.default\">\n\t\t\t\t<div class=\"elementor-widget-container\">\n\t\t\t\t\t\t\t\t\t\t\t\t\t\t\t<img decoding=\"async\" width=\"2048\" height=\"1403\" src=\"https:\/\/confluence-immo.be\/wp-content\/uploads\/2025\/07\/Nos-services-final-4-2048x1403.jpg\" class=\"attachment-2048x2048 size-2048x2048 wp-image-470\" alt=\"\" srcset=\"https:\/\/confluence-immo.be\/wp-content\/uploads\/2025\/07\/Nos-services-final-4-2048x1403.jpg 2048w, https:\/\/confluence-immo.be\/wp-content\/uploads\/2025\/07\/Nos-services-final-4-300x205.jpg 300w, https:\/\/confluence-immo.be\/wp-content\/uploads\/2025\/07\/Nos-services-final-4-1024x701.jpg 1024w, https:\/\/confluence-immo.be\/wp-content\/uploads\/2025\/07\/Nos-services-final-4-768x526.jpg 768w, https:\/\/confluence-immo.be\/wp-content\/uploads\/2025\/07\/Nos-services-final-4-1536x1052.jpg 1536w\" sizes=\"(max-width: 2048px) 100vw, 2048px\" \/>\t\t\t\t\t\t\t\t\t\t\t\t\t\t\t<\/div>\n\t\t\t\t<\/div>\n\t\t\t\t<div class=\"elementor-element elementor-element-6ffd8a4 elementor-widget elementor-widget-image\" data-id=\"6ffd8a4\" data-element_type=\"widget\" data-widget_type=\"image.default\">\n\t\t\t\t<div class=\"elementor-widget-container\">\n\t\t\t\t\t\t\t\t\t\t\t\t\t\t\t<img decoding=\"async\" width=\"2048\" height=\"1402\" src=\"https:\/\/confluence-immo.be\/wp-content\/uploads\/2025\/07\/Nos-services-final-2-2048x1402.jpg\" class=\"attachment-2048x2048 size-2048x2048 wp-image-446\" alt=\"\" srcset=\"https:\/\/confluence-immo.be\/wp-content\/uploads\/2025\/07\/Nos-services-final-2-2048x1402.jpg 2048w, https:\/\/confluence-immo.be\/wp-content\/uploads\/2025\/07\/Nos-services-final-2-300x205.jpg 300w, https:\/\/confluence-immo.be\/wp-content\/uploads\/2025\/07\/Nos-services-final-2-1024x701.jpg 1024w, https:\/\/confluence-immo.be\/wp-content\/uploads\/2025\/07\/Nos-services-final-2-768x526.jpg 768w, https:\/\/confluence-immo.be\/wp-content\/uploads\/2025\/07\/Nos-services-final-2-1536x1052.jpg 1536w\" sizes=\"(max-width: 2048px) 100vw, 2048px\" \/>\t\t\t\t\t\t\t\t\t\t\t\t\t\t\t<\/div>\n\t\t\t\t<\/div>\n\t\t\t\t<div class=\"elementor-element elementor-element-1ec0cf5 elementor-widget elementor-widget-spacer\" data-id=\"1ec0cf5\" data-element_type=\"widget\" data-widget_type=\"spacer.default\">\n\t\t\t\t<div class=\"elementor-widget-container\">\n\t\t\t\t\t\t\t<div class=\"elementor-spacer\">\n\t\t\t<div class=\"elementor-spacer-inner\"><\/div>\n\t\t<\/div>\n\t\t\t\t\t\t<\/div>\n\t\t\t\t<\/div>\n\t\t\t\t\t<\/div>\n\t\t\t\t<\/div>\n\t\t<div class=\"elementor-element elementor-element-6c7a104 e-flex e-con-boxed e-con e-parent\" data-id=\"6c7a104\" data-element_type=\"container\">\n\t\t\t\t\t<div class=\"e-con-inner\">\n\t\t\t\t<div class=\"elementor-element elementor-element-474d62d elementor-widget elementor-widget-image\" data-id=\"474d62d\" data-element_type=\"widget\" data-widget_type=\"image.default\">\n\t\t\t\t<div class=\"elementor-widget-container\">\n\t\t\t\t\t\t\t\t\t\t\t\t\t\t\t\t<a href=\"http:\/\/confluence-immo.be\/wp-content\/uploads\/2025\/07\/DSC_5169.jpg\" data-elementor-open-lightbox=\"yes\" data-elementor-lightbox-title=\"DSC_5169\" data-e-action-hash=\"#elementor-action%3Aaction%3Dlightbox%26settings%3DeyJpZCI6NTQzLCJ1cmwiOiJodHRwczpcL1wvY29uZmx1ZW5jZS1pbW1vLmJlXC93cC1jb250ZW50XC91cGxvYWRzXC8yMDI1XC8wN1wvRFNDXzUxNjkuanBnIn0%3D\">\n\t\t\t\t\t\t\t<img loading=\"lazy\" decoding=\"async\" width=\"2048\" height=\"1363\" src=\"https:\/\/confluence-immo.be\/wp-content\/uploads\/2025\/07\/DSC_5169.jpg\" class=\"attachment-2048x2048 size-2048x2048 wp-image-543\" alt=\"\" srcset=\"https:\/\/confluence-immo.be\/wp-content\/uploads\/2025\/07\/DSC_5169.jpg 2048w, https:\/\/confluence-immo.be\/wp-content\/uploads\/2025\/07\/DSC_5169-300x200.jpg 300w, https:\/\/confluence-immo.be\/wp-content\/uploads\/2025\/07\/DSC_5169-1024x682.jpg 1024w, https:\/\/confluence-immo.be\/wp-content\/uploads\/2025\/07\/DSC_5169-768x511.jpg 768w, https:\/\/confluence-immo.be\/wp-content\/uploads\/2025\/07\/DSC_5169-1536x1022.jpg 1536w\" sizes=\"(max-width: 2048px) 100vw, 2048px\" \/>\t\t\t\t\t\t\t\t<\/a>\n\t\t\t\t\t\t\t\t\t\t\t\t\t\t\t<\/div>\n\t\t\t\t<\/div>\n\t\t\t\t<div class=\"elementor-element elementor-element-d72d75d elementor-widget elementor-widget-spacer\" data-id=\"d72d75d\" data-element_type=\"widget\" data-widget_type=\"spacer.default\">\n\t\t\t\t<div class=\"elementor-widget-container\">\n\t\t\t\t\t\t\t<div class=\"elementor-spacer\">\n\t\t\t<div class=\"elementor-spacer-inner\"><\/div>\n\t\t<\/div>\n\t\t\t\t\t\t<\/div>\n\t\t\t\t<\/div>\n\t\t\t\t<div class=\"elementor-element elementor-element-bb9aad8 elementor-widget__width-inherit elementor-widget elementor-widget-heading\" data-id=\"bb9aad8\" data-element_type=\"widget\" data-widget_type=\"heading.default\">\n\t\t\t\t<div class=\"elementor-widget-container\">\n\t\t\t\t\t<h6 class=\"elementor-heading-title elementor-size-default\">Gr\u00e2ce \u00e0 notre expertise, \u00e0 notre r\u00e9seau et \u00e0 notre accompagnement personnalis\u00e9, vous pouvez vendre votre bien en toute s\u00e9r\u00e9nit\u00e9 et dans les meilleures conditions.<\/span><\/h6>\t\t\t\t<\/div>\n\t\t\t\t<\/div>\n\t\t\t\t\t<\/div>\n\t\t\t\t<\/div>\n\t\t\t\t<\/div>\n\t\t","protected":false},"excerpt":{"rendered":"<p>Gr\u00e2ce \u00e0 notre expertise, \u00e0 notre r\u00e9seau et \u00e0 notre accompagnement personnalis\u00e9, vous pouvez vendre votre bien en toute s\u00e9r\u00e9nit\u00e9 et dans les meilleures conditions.<\/p>\n","protected":false},"author":1,"featured_media":0,"parent":0,"menu_order":0,"comment_status":"closed","ping_status":"closed","template":"","meta":{"footnotes":""},"class_list":["post-420","page","type-page","status-publish","hentry"],"_links":{"self":[{"href":"https:\/\/confluence-immo.be\/index.php\/wp-json\/wp\/v2\/pages\/420","targetHints":{"allow":["GET"]}}],"collection":[{"href":"https:\/\/confluence-immo.be\/index.php\/wp-json\/wp\/v2\/pages"}],"about":[{"href":"https:\/\/confluence-immo.be\/index.php\/wp-json\/wp\/v2\/types\/page"}],"author":[{"embeddable":true,"href":"https:\/\/confluence-immo.be\/index.php\/wp-json\/wp\/v2\/users\/1"}],"replies":[{"embeddable":true,"href":"https:\/\/confluence-immo.be\/index.php\/wp-json\/wp\/v2\/comments?post=420"}],"version-history":[{"count":54,"href":"https:\/\/confluence-immo.be\/index.php\/wp-json\/wp\/v2\/pages\/420\/revisions"}],"predecessor-version":[{"id":751,"href":"https:\/\/confluence-immo.be\/index.php\/wp-json\/wp\/v2\/pages\/420\/revisions\/751"}],"wp:attachment":[{"href":"https:\/\/confluence-immo.be\/index.php\/wp-json\/wp\/v2\/media?parent=420"}],"curies":[{"name":"wp","href":"https:\/\/api.w.org\/{rel}","templated":true}]}}